{"id":1150,"date":"2025-03-01T13:46:39","date_gmt":"2025-03-01T13:46:39","guid":{"rendered":"https:\/\/yrmegard.net\/shop\/et\/?page_id=1150"},"modified":"2025-03-02T15:01:56","modified_gmt":"2025-03-02T15:01:56","slug":"vahetus-ja-tagastamine","status":"publish","type":"page","link":"https:\/\/yrmegard.net\/shop\/et\/vahetus-ja-tagastamine\/","title":{"rendered":"Vahetus ja tagastamine"},"content":{"rendered":"\n<p>Yrmegardi t\u00f6\u00f6toa poest ostetud paelu ja k\u00f5ladega kudumiskomplekte saab nii vahetada kui tagastada.<\/p>\n\n\n\n<p>Nii vahetuseks kui tagastamiseks on oluline, et tellitud toode oleks kasutamata ja komplektne. See t\u00e4hendab, et:<\/p>\n\n\n\n<ul class=\"wp-block-list\">\n<li>paelad peavad olema kandmata ning terved;<\/li>\n\n\n\n<li>paelte k\u00fcljes peavad endiselt olema nii k\u00f5ik kinnised kui k\u00f5ik ehisdetailid, kusjuures need peavad olema alles t\u00e4pselt selliselt nagu need ostmisel olid (nt n\u00f6\u00f6bi v\u00f5i pandla maha l\u00f5ikamise ja uuesti kinni \u00f5mblemise puhul ei ole v\u00f5imalik enam paela ei vahetada ega tagastada);<\/li>\n\n\n\n<li>paelte k\u00fcljes peab endiselt olema tootekaart ehk etikett toote andmetega;<\/li>\n\n\n\n<li>k\u00f5ladega kudumise komplekt ei tohi olla v\u00e4himalgi m\u00e4\u00e4ral kasutatud, st kudumist ei tohi olla alustatud;<\/li>\n\n\n\n<li>komplektis peavad olema alles k\u00f5ik selle osad, sh abipaelad, r\u00f5ngad, kinnised, koel\u00f5ng, juhised jne.<\/li>\n<\/ul>\n\n\n\n<p>Tellitud toodete tagastamiseks v\u00f5i vahetamiseks tuleb teavitada Kasetriibiik O\u00dcd tagastamise v\u00f5i vahetuse soovist, vastates tellimuse kinnituse e-kirjale. Vahetuse puhul tuleb samas kirjas nimetada toode, mille vastu algselt tellitud kaup vahetada soovitakse.<\/p>\n\n\n\n<p>Tagastatav v\u00f5i vahetatav toode tuleb saata Kasetriibik O\u00dcle tagasi mitte hiljem kui <strong>14 p\u00e4eva jooksul <\/strong>kauba k\u00e4ttesaamisest. Ostja kohustub katma kauba tagastamisega seotud kulud.<\/p>\n\n\n\n<p>Tagastatud kauba eest tasutud raha tagastatakse tellijale mitte hiljem kui <strong>10 t\u00f6\u00f6p\u00e4eva jooksul<\/strong> p\u00e4rast Kasetriibik O\u00dc poolt tagastatud kauba k\u00e4ttesaamist, kui tagastatud toode on kasutamata ja komplektne. Kui toode on kasutatud v\u00f5i rikutud, siis ostjale raha ei tagastata.<\/p>\n\n\n\n<p>Vahetuse puhul kontrollitakse toote seisund selle saabumisel. Kui toode on kasutamata ja komplektne, kinnitatakse ostjale tagastatud kauba k\u00e4ttesaamist ning antakse teada, kas uue toote saatmiseks tuleb juurde maksta (kallima toote puhul) v\u00f5i tuleb hinnavahe tagastus (odavama toote puhul). Kui ostja on omapoolse kinnituse andnud ning (vajadusel) puuduva summa juurde maksnud, saadetakse uus toode v\u00e4lja. Kui algselt tellitud toode on kasutatud v\u00f5i rikutud, siis vahetust ei tehta ning ostjale raha ei tagastata.<\/p>\n","protected":false},"excerpt":{"rendered":"<p>Yrmegardi t\u00f6\u00f6toa poest ostetud paelu ja k\u00f5ladega kudumiskomplekte saab nii vahetada kui tagastada. Nii vahetuseks kui tagastamiseks on oluline, et tellitud toode oleks kasutamata ja komplektne. See t\u00e4hendab, et: Tellitud toodete tagastamiseks v\u00f5i vahetamiseks tuleb teavitada Kasetriibiik O\u00dcd tagastamise v\u00f5i vahetuse soovist, vastates tellimuse kinnituse&nbsp;<a class=\"read-more\" href=\"https:\/\/yrmegard.net\/shop\/et\/vahetus-ja-tagastamine\/\">&hellip;<\/a><\/p>\n","protected":false},"author":2,"featured_media":0,"parent":0,"menu_order":0,"comment_status":"closed","ping_status":"closed","template":"","meta":{"footnotes":""},"class_list":["post-1150","page","type-page","status-publish","hentry"],"_links":{"self":[{"href":"https:\/\/yrmegard.net\/shop\/et\/wp-json\/wp\/v2\/pages\/1150","targetHints":{"allow":["GET"]}}],"collection":[{"href":"https:\/\/yrmegard.net\/shop\/et\/wp-json\/wp\/v2\/pages"}],"about":[{"href":"https:\/\/yrmegard.net\/shop\/et\/wp-json\/wp\/v2\/types\/page"}],"author":[{"embeddable":true,"href":"https:\/\/yrmegard.net\/shop\/et\/wp-json\/wp\/v2\/users\/2"}],"replies":[{"embeddable":true,"href":"https:\/\/yrmegard.net\/shop\/et\/wp-json\/wp\/v2\/comments?post=1150"}],"version-history":[{"count":4,"href":"https:\/\/yrmegard.net\/shop\/et\/wp-json\/wp\/v2\/pages\/1150\/revisions"}],"predecessor-version":[{"id":1182,"href":"https:\/\/yrmegard.net\/shop\/et\/wp-json\/wp\/v2\/pages\/1150\/revisions\/1182"}],"wp:attachment":[{"href":"https:\/\/yrmegard.net\/shop\/et\/wp-json\/wp\/v2\/media?parent=1150"}],"curies":[{"name":"wp","href":"https:\/\/api.w.org\/{rel}","templated":true}]}}