{"id":1138,"date":"2025-03-01T13:05:53","date_gmt":"2025-03-01T13:05:53","guid":{"rendered":"https:\/\/yrmegard.net\/shop\/et\/?page_id=1138"},"modified":"2025-04-13T19:07:54","modified_gmt":"2025-04-13T19:07:54","slug":"kattetoimetamine","status":"publish","type":"page","link":"https:\/\/yrmegard.net\/shop\/et\/kattetoimetamine\/","title":{"rendered":"Kohaletoimetamine"},"content":{"rendered":"\n<p>Tellimuse kohaletoimetamise tasu lisandub tellitud toodete hinnale ning s\u00f5ltub kohaletoimetamise aadressist. Kohaletoimetamise tasu arvutatakse tellimuse vormistamisel ning kuvatakse ostjale p\u00e4rast sihtaadressi sisestamist.<\/p>\n\n\n\n<p>Eestis saab meie tellimused k\u00e4tte SmartPosti ja Omniva pakiautomaatide vahendusel:<\/p>\n\n\n\n<ul class=\"wp-block-list\">\n<li>saatmine SmartPosti vahendusel maksab 3,04 \u20ac<\/li>\n\n\n\n<li>saatmine Omniva vahendusel maksab 3,20 \u20ac<\/li>\n<\/ul>\n\n\n\n<p><strong>Euroopa Liidu riikidesse<\/strong> toimetab tellimused kohale <strong>Omniva<\/strong> vastavalt ostja valitud paketile: Economy paketiga saatmine maksab 9 \u20ac ja Standard paketiga saatmine (sisaldab tellimuse j\u00e4lgimist) maksab 15 \u20ac.<\/p>\n\n\n\n<p>Tellimuste kohaletoimetamiseks teistesse riikidesse \u00fcle maailma v\u00f5tke meiega \u00fchendust e-posti aadressil <a href=\"mailto:pood@yrmegard.net\">pood@yrmegard.net<\/a>.<\/p>\n\n\n\n<p>Venemaale ja Valgevenesse ei ole pakkide saatmine v\u00f5imalik.<\/p>\n\n\n\n<p>\u00dcldjuhul pannakse laos olevad tooted teele 2-3 t\u00f6\u00f6p\u00e4eva jooksul, ostjale saadetakse e-kirjaga kinnitus tellimuse v\u00e4lja saatmisest. Eestisisesed saadetised j\u00f5uavad ostja valitud sihtpunkti tavap\u00e4raselt 3-7 t\u00f6\u00f6p\u00e4eva jooksul. <\/p>\n\n\n\n<p><strong>Tellimuse vormistamisel on ostja kohustatud esitama korrektseid kontaktandmeid.<\/strong> Kasetriibik O\u00dc ei vastuta tellimuse mittet\u00e4itmise v\u00f5i \u00f5igesse kohta mitte j\u00f5udmise, samuti selle v\u00f5imalike tagaj\u00e4rgede eest, kui p\u00f5hjuseks on ostja poolt esitatud ebakorrektsed andmed.<\/p>\n\n\n\n<p><strong>J\u00e4reltellimisel toodete<\/strong> valmimise aeg s\u00f5ltub toote liigist ning on m\u00e4rgitud iga toote kirjelduses. Kui teie tellimuses on j\u00e4reltellimisel tooted, pannakse kogu tellimus teele alles siis, kui j\u00e4reltellimisel toode on valmis. Kui soovite laos olevad tooted kohe k\u00e4tte saada, soovitame vormistada eraldi tellimused laos olevatele toodetele ja j\u00e4reltellimisel olevatele toodete.<\/p>\n","protected":false},"excerpt":{"rendered":"<p>Tellimuse kohaletoimetamise tasu lisandub tellitud toodete hinnale ning s\u00f5ltub kohaletoimetamise aadressist. Kohaletoimetamise tasu arvutatakse tellimuse vormistamisel ning kuvatakse ostjale p\u00e4rast sihtaadressi sisestamist. Eestis saab meie tellimused k\u00e4tte SmartPosti ja Omniva pakiautomaatide vahendusel: Euroopa Liidu riikidesse toimetab tellimused kohale Omniva vastavalt ostja valitud paketile: Economy paketiga&nbsp;<a class=\"read-more\" href=\"https:\/\/yrmegard.net\/shop\/et\/kattetoimetamine\/\">&hellip;<\/a><\/p>\n","protected":false},"author":2,"featured_media":0,"parent":0,"menu_order":0,"comment_status":"closed","ping_status":"closed","template":"","meta":{"footnotes":""},"class_list":["post-1138","page","type-page","status-publish","hentry"],"_links":{"self":[{"href":"https:\/\/yrmegard.net\/shop\/et\/wp-json\/wp\/v2\/pages\/1138","targetHints":{"allow":["GET"]}}],"collection":[{"href":"https:\/\/yrmegard.net\/shop\/et\/wp-json\/wp\/v2\/pages"}],"about":[{"href":"https:\/\/yrmegard.net\/shop\/et\/wp-json\/wp\/v2\/types\/page"}],"author":[{"embeddable":true,"href":"https:\/\/yrmegard.net\/shop\/et\/wp-json\/wp\/v2\/users\/2"}],"replies":[{"embeddable":true,"href":"https:\/\/yrmegard.net\/shop\/et\/wp-json\/wp\/v2\/comments?post=1138"}],"version-history":[{"count":8,"href":"https:\/\/yrmegard.net\/shop\/et\/wp-json\/wp\/v2\/pages\/1138\/revisions"}],"predecessor-version":[{"id":1399,"href":"https:\/\/yrmegard.net\/shop\/et\/wp-json\/wp\/v2\/pages\/1138\/revisions\/1399"}],"wp:attachment":[{"href":"https:\/\/yrmegard.net\/shop\/et\/wp-json\/wp\/v2\/media?parent=1138"}],"curies":[{"name":"wp","href":"https:\/\/api.w.org\/{rel}","templated":true}]}}