{"id":897,"date":"2025-02-15T11:57:23","date_gmt":"2025-02-15T11:57:23","guid":{"rendered":"https:\/\/yrmegard.net\/shop\/?post_type=product&#038;p=897"},"modified":"2025-12-11T13:25:26","modified_gmt":"2025-12-11T13:25:26","slug":"kolad","status":"publish","type":"product","link":"https:\/\/yrmegard.net\/shop\/en\/product\/weaving-tablets\/","title":{"rendered":"Weaving tablets"},"content":{"rendered":"<p>Yrmegard tablets are made from durable <strong>coated cardboard (400 g\/m\u00b2)<\/strong>, ensuring they withstand weaving tension even when the warp threads are pulled tight. Since the tablets are thin, a pack of <strong>10 tablets without warp threads measures just 0.7 cm<\/strong> in width. When threaded, depending on the thickness of the warp, the pack width can increase to approximately <strong>1.2\u20131.5 cm<\/strong>. This means that for wider patterns, the tablets won\u2019t stretch the warp sideways, helping to maintain even tension.<\/p>\n<p>One side of the tablets features the <strong>Yrmegard Workshop logo<\/strong>. The logo helps you track each tablet\u2019s position while weaving, making it easier to spot mistakes &#8211; especially in patterns where all tablets are turned together in the same direction.<\/p>\n<p>Each tablet has <strong>8 holes<\/strong>, offering great flexibility for different weaving techniques. You can create patterns requiring <strong>2, 3, 4, 6, or 8 warp threads per tablet<\/strong> and o<strong>ne, two, or three sheds<\/strong>. The diagram below illustrates different ways to thread the tablets based on the number of warp threads and sheds used.<br \/>\n<img loading=\"lazy\" decoding=\"async\" class=\"logo aligncenter wp-image-1040 size-full\" src=\"https:\/\/yrmegard.net\/shop\/wp-content\/uploads\/2025\/02\/kolade-kasutus-reas-1.jpg\" alt=\"k\u00f5lade kasutus vastavalt l\u00f5imel\u00f5ngade arvule\" width=\"850\" height=\"170\" srcset=\"https:\/\/yrmegard.net\/shop\/wp-content\/uploads\/2025\/02\/kolade-kasutus-reas-1.jpg 850w, https:\/\/yrmegard.net\/shop\/wp-content\/uploads\/2025\/02\/kolade-kasutus-reas-1-300x60.jpg 300w, https:\/\/yrmegard.net\/shop\/wp-content\/uploads\/2025\/02\/kolade-kasutus-reas-1-768x154.jpg 768w, https:\/\/yrmegard.net\/shop\/wp-content\/uploads\/2025\/02\/kolade-kasutus-reas-1-800x160.jpg 800w\" sizes=\"auto, (max-width: 850px) 100vw, 850px\" \/><\/p>\n","protected":false},"excerpt":{"rendered":"<p>Yrmegard tablets are your trusted companions in creating stunning patterns. Their lightweight and smooth design makes them easy to turn without snagging on the warp threads, allowing you to fully enjoy the weaving process as your creation comes to life.<\/p>\n<p>You can purchase the tablets individually or in sets. First, choose your preferred set, then select the number of sets you\u2019d like to order. Each set comes with a fabric pouch for storing your tablets.<\/p>\n","protected":false},"featured_media":1038,"comment_status":"open","ping_status":"closed","template":"","meta":[],"product_brand":[],"product_cat":[41],"product_tag":[],"class_list":{"0":"post-897","1":"product","2":"type-product","3":"status-publish","4":"has-post-thumbnail","6":"product_cat-tools","7":"product_shipping_class-bands","9":"first","10":"instock","11":"shipping-taxable","12":"purchasable","13":"product-type-variable"},"_links":{"self":[{"href":"https:\/\/yrmegard.net\/shop\/en\/wp-json\/wp\/v2\/product\/897","targetHints":{"allow":["GET"]}}],"collection":[{"href":"https:\/\/yrmegard.net\/shop\/en\/wp-json\/wp\/v2\/product"}],"about":[{"href":"https:\/\/yrmegard.net\/shop\/en\/wp-json\/wp\/v2\/types\/product"}],"replies":[{"embeddable":true,"href":"https:\/\/yrmegard.net\/shop\/en\/wp-json\/wp\/v2\/comments?post=897"}],"wp:featuredmedia":[{"embeddable":true,"href":"https:\/\/yrmegard.net\/shop\/en\/wp-json\/wp\/v2\/media\/1038"}],"wp:attachment":[{"href":"https:\/\/yrmegard.net\/shop\/en\/wp-json\/wp\/v2\/media?parent=897"}],"wp:term":[{"taxonomy":"product_brand","embeddable":true,"href":"https:\/\/yrmegard.net\/shop\/en\/wp-json\/wp\/v2\/product_brand?post=897"},{"taxonomy":"product_cat","embeddable":true,"href":"https:\/\/yrmegard.net\/shop\/en\/wp-json\/wp\/v2\/product_cat?post=897"},{"taxonomy":"product_tag","embeddable":true,"href":"https:\/\/yrmegard.net\/shop\/en\/wp-json\/wp\/v2\/product_tag?post=897"}],"curies":[{"name":"wp","href":"https:\/\/api.w.org\/{rel}","templated":true}]}}